{"id":10,"date":"2022-11-09T12:39:26","date_gmt":"2022-11-09T12:39:26","guid":{"rendered":"https:\/\/julia-anoeta.de\/?page_id=10"},"modified":"2024-03-12T14:03:50","modified_gmt":"2024-03-12T14:03:50","slug":"filmprojekt","status":"publish","type":"page","link":"https:\/\/julia-anoeta.de\/?page_id=10","title":{"rendered":"Schritte im Takt einer Stadt"},"content":{"rendered":"\n<h3 class=\"wp-block-heading\">Anmerkungen<\/h3>\n\n\n\n<p>Das <a href=\"https:\/\/projekte.julia-anoeta.de\/Schritte\/\" target=\"_blank\" rel=\"noreferrer noopener\">Filmprojekt<\/a> l\u00e4sst \u00fcber diesen <em>Link<\/em> oder durch <em>Anklicken der <\/em>Abbildung weiter unten starten.<\/p>\n\n\n\n<p>Nach dem Start des Films kann der <strong>Vollbildmodus<\/strong> (Full Screen) durch <em>Klicken im Bildbereich<\/em> mit der <em>linken Maustaste<\/em> ein- und ausgeschaltet werden.<\/p>\n\n\n\n<p>\u00dcber dem Video liegt eine zweite Ebene, ein transparentes Overlay, welches sich \u00fcber die gesamte Seite erstreckt. Dieses Overlay ist vertikal dreigeteilt (s. Abb. unten). Jede der drei Teilfl\u00e4chen dient als <em>Schaltfl\u00e4che f\u00fcr eine Richtungs\u00e4nderung<\/em>.<\/p>\n\n\n\n<figure class=\"wp-block-image size-large\"><a href=\"https:\/\/projekte.julia-anoeta.de\/Schritte\" target=\"_blank\" rel=\"noreferrer noopener\"><img decoding=\"async\" src=\"\/wp-content\/uploads\/2022\/11\/Entscheidung-TMC_1_opak3.jpg\" alt=\"\" class=\"wp-image-69\"\/><\/a><\/figure>\n\n\n\n<p><\/p>\n\n\n\n<p>Das transparente Overlay mit den Markierungen f\u00fcr eine Richtungs\u00e4nderung &#8222;erscheint&#8220; nur am Ende der Laufzeit des jeweiligen Filmabschnitts an den <strong>&#8222;Entscheidungspunkten&#8220;<\/strong>. Es &#8222;verschwindet&#8220; sofort nach Anklicken der <strong>Richtungsauswahl<\/strong> wieder. Dadurch wird sichergestellt, dass w\u00e4hrend der Filmlaufzeit nicht durch versehentliches Anklicken ein Wechsel zu einem anderen Filmabschnitt an der falschen Stelle erfolgt.<\/p>\n\n\n\n<p><strong>Untertitel<\/strong> k\u00f6nnen in der rechten unteren Ecke des Bildschirms in <em>Deutsch, Englisch<\/em> und <em>Katalanisch<\/em> ausgew\u00e4hlt werden.<\/p>\n","protected":false},"excerpt":{"rendered":"<p>Anmerkungen Das Filmprojekt l\u00e4sst \u00fcber diesen Link oder durch Anklicken der Abbildung weiter unten starten. Nach dem Start des Films kann der Vollbildmodus (Full Screen) durch Klicken im Bildbereich mit der linken Maustaste ein- und ausgeschaltet werden. \u00dcber dem Video liegt eine zweite Ebene, ein transparentes Overlay, welches sich \u00fcber die gesamte Seite erstreckt. Dieses&#8230;<\/p>\n","protected":false},"author":1,"featured_media":0,"parent":0,"menu_order":0,"comment_status":"closed","ping_status":"closed","template":"nosidebar.php","meta":{"footnotes":""},"class_list":["post-10","page","type-page","status-publish","hentry"],"_links":{"self":[{"href":"https:\/\/julia-anoeta.de\/index.php?rest_route=\/wp\/v2\/pages\/10","targetHints":{"allow":["GET"]}}],"collection":[{"href":"https:\/\/julia-anoeta.de\/index.php?rest_route=\/wp\/v2\/pages"}],"about":[{"href":"https:\/\/julia-anoeta.de\/index.php?rest_route=\/wp\/v2\/types\/page"}],"author":[{"embeddable":true,"href":"https:\/\/julia-anoeta.de\/index.php?rest_route=\/wp\/v2\/users\/1"}],"replies":[{"embeddable":true,"href":"https:\/\/julia-anoeta.de\/index.php?rest_route=%2Fwp%2Fv2%2Fcomments&post=10"}],"version-history":[{"count":6,"href":"https:\/\/julia-anoeta.de\/index.php?rest_route=\/wp\/v2\/pages\/10\/revisions"}],"predecessor-version":[{"id":666,"href":"https:\/\/julia-anoeta.de\/index.php?rest_route=\/wp\/v2\/pages\/10\/revisions\/666"}],"wp:attachment":[{"href":"https:\/\/julia-anoeta.de\/index.php?rest_route=%2Fwp%2Fv2%2Fmedia&parent=10"}],"curies":[{"name":"wp","href":"https:\/\/api.w.org\/{rel}","templated":true}]}}